{"id":55949,"date":"2024-10-28T10:41:36","date_gmt":"2024-10-28T09:41:36","guid":{"rendered":"https:\/\/www.modarossellabbigliamento.it\/?post_type=product&#038;p=55949"},"modified":"2024-10-28T10:41:36","modified_gmt":"2024-10-28T09:41:36","slug":"strofinacci-preziosa-calise-promo","status":"publish","type":"product","link":"https:\/\/www.modarossellabbigliamento.it\/prodotto\/strofinacci-preziosa-calise-promo\/","title":{"rendered":"Strofinacci Preziosa Calis\u00e8 PROMO"},"content":{"rendered":"<p>Questo set include 3 confezioni di strofinacci Preziosa Calis\u00e8, ognuna composta da 3 pezzi, per un totale di 10 euro. Il colore degli strofinacci varia in base alla disponibilit\u00e0, quindi non \u00e8 possibile scegliere il colore specifico. Perfetti per ogni cucina, sono pratici e di qualit\u00e0. Per ulteriori dettagli, contattaci!<\/p>\n","protected":false},"excerpt":{"rendered":"<p>Questo set include 3 confezioni di strofinacci Preziosa Calis\u00e8, ognuna composta da 3 pezzi, per un totale di 10 euro. Il colore degli strofinacci varia in base alla disponibilit\u00e0, quindi non \u00e8 possibile scegliere il colore specifico. Perfetti per ogni cucina, sono pratici e di qualit\u00e0. Per ulteriori dettagli, contattaci!<\/p>\n","protected":false},"featured_media":55950,"comment_status":"open","ping_status":"closed","template":"","meta":{"iawp_total_views":629},"product_brand":[],"product_cat":[332],"product_tag":[],"class_list":{"0":"post-55949","1":"product","2":"type-product","3":"status-publish","4":"has-post-thumbnail","6":"product_cat-casa","7":"description-off","9":"first","10":"instock","11":"shipping-taxable","12":"purchasable","13":"product-type-simple"},"_links":{"self":[{"href":"https:\/\/www.modarossellabbigliamento.it\/wp-json\/wp\/v2\/product\/55949","targetHints":{"allow":["GET"]}}],"collection":[{"href":"https:\/\/www.modarossellabbigliamento.it\/wp-json\/wp\/v2\/product"}],"about":[{"href":"https:\/\/www.modarossellabbigliamento.it\/wp-json\/wp\/v2\/types\/product"}],"replies":[{"embeddable":true,"href":"https:\/\/www.modarossellabbigliamento.it\/wp-json\/wp\/v2\/comments?post=55949"}],"version-history":[{"count":0,"href":"https:\/\/www.modarossellabbigliamento.it\/wp-json\/wp\/v2\/product\/55949\/revisions"}],"wp:featuredmedia":[{"embeddable":true,"href":"https:\/\/www.modarossellabbigliamento.it\/wp-json\/wp\/v2\/media\/55950"}],"wp:attachment":[{"href":"https:\/\/www.modarossellabbigliamento.it\/wp-json\/wp\/v2\/media?parent=55949"}],"wp:term":[{"taxonomy":"product_brand","embeddable":true,"href":"https:\/\/www.modarossellabbigliamento.it\/wp-json\/wp\/v2\/product_brand?post=55949"},{"taxonomy":"product_cat","embeddable":true,"href":"https:\/\/www.modarossellabbigliamento.it\/wp-json\/wp\/v2\/product_cat?post=55949"},{"taxonomy":"product_tag","embeddable":true,"href":"https:\/\/www.modarossellabbigliamento.it\/wp-json\/wp\/v2\/product_tag?post=55949"}],"curies":[{"name":"wp","href":"https:\/\/api.w.org\/{rel}","templated":true}]}}